{"id":327,"date":"2019-02-01T17:31:43","date_gmt":"2019-02-01T16:31:43","guid":{"rendered":"http:\/\/www.erdelectronics.com\/sobre-nosotros\/"},"modified":"2019-05-06T15:06:59","modified_gmt":"2019-05-06T13:06:59","slug":"sobre-nosotros","status":"publish","type":"page","link":"https:\/\/www.erdelectronics.com\/es\/sobre-nosotros\/","title":{"rendered":"Sobre nosotros"},"content":{"rendered":"\n<p>La empresa ERD Electronics SRL, constituida en el 2010 por dos socios, a pesar de ser una realidad joven y din\u00e1mica, surge en el mercado en el campo del dise\u00f1o, instalaci\u00f3n y el mantenimiento de sistemas de seguridad contra incendios, alarma antirrobo, CCTV y control de acceso, hace uso de las experiencias ya maduradas y consolidadas en m\u00e1s de 30 a\u00f1os de actividad en el campo de las instalaciones de alta tecnolog\u00eda llevadas a cabo por los socios y todos los colaboradores en una empresa anterior.<\/p>\n\n\n\n<p>Nos ocupamos de:<\/p>\n\n\n\n<ul class=\"wp-block-list\"><li>Antiintrusi\u00f3n<\/li><li>Antirrobo<\/li><li>Prevenci\u00f3n de incendios (detecci\u00f3n de puntos, detecci\u00f3n precoz mediante aspiraci\u00f3n &#8211; detecci\u00f2n con barreras de humo lineales &#8211; detecci\u00f3n de gases)<\/li><li>Control de v\u00eddeo<\/li><li>Anti-inundaciones<\/li><li>Controles tecnol\u00f2gicos<\/li><li>Gesti\u00f2n de entradas y presencias (Credencial)<\/li><li>Asistencia remota<\/li><li>Puesta en marcha y mantenimento de sistemas propios y existentes.<\/li><\/ul>\n\n\n\n<p>El ambiente en las que aplican este sistema van desde lo civil a lo comercial, desde lo industrial a lo bancario. De hecho dada la heterogeneidad de las situaciones, cada uno de estos tipos de estructuras debe enfrentar riesgos y responder a exigencias o necesidades de seguridad muy diferentes, a las que ERD Electronics puede hacer frente perfectamente.<\/p>\n\n\n\n<p>ERD Electronics proporciona a cada cliente la solucion mas adecuada, el resultado de una investigaci\u00f2n cuidadosa y una seleccion rigurosa de los equipos que se propondr\u00e0n e instalar\u00e0n.<\/p>\n\n\n\n<p>Se menciona la alta tecnologia utilizada por la empresa ya que el objetivo principal de ERD Electronics es mantener altos est\u00e0ndares de calidad y que siempre est\u00e8 por encima del promedio.<\/p>\n\n\n\n<p>El ERD Electronics ofrece a sus clientes un servicio completo y confiable, basado en la calidad, y donde solo se proporciona el uso del mejor y m\u00e1s moderno equipo disponible en el mercado, y luego es puesto en funcionamento por personal especializado y altamente calificado.<\/p>\n\n\n\n<p>ERD Electronics garantiza de hecho, solo y exclusivamente el uso de sus propios t\u00e9cnicos para todos los trabajos que se le contratan, utilizando personal externo solo para trabajos que no estan estrictamente relacionados con la seguridad (tendido de tuber\u00edas, tendidos, inserci\u00f3n de cables).<\/p>\n\n\n\n<h2 class=\"wp-block-heading\"><strong>Que cosa nos distingue de nuestros competidores:<\/strong><\/h2>\n\n\n\n<div class=\"wp-block-columns has-2-columns is-layout-flex wp-container-core-columns-is-layout-9d6595d7 wp-block-columns-is-layout-flex\">\n<div class=\"wp-block-column is-layout-flow wp-block-column-is-layout-flow\">\n<ul class=\"wp-block-list\"><li><strong>SOLIDAS RELACIONES CON CLIENTE Y TRABAJO EN EQUIPO <\/strong>\u2013 Interactuando en modo constructivo, encontraremos con ustedes soluciones para todas las exigencias, tambien aquellas m\u00e1s exclusiva y particulares.<\/li><\/ul>\n<\/div>\n\n\n\n<div class=\"wp-block-column is-layout-flow wp-block-column-is-layout-flow\">\n<ul class=\"wp-block-list\"><li><strong>SOPORTO DE VENTA<\/strong>&nbsp;\u2013 Siempre estamos disponibles para asesorarlo y apoyarlo en su elecci\u00f3n, tambi\u00e9n le ofrecemos la posibilidad de probar los productos en nuestra sala de exposici\u00f3n. Nuestra oficina de ingenier\u00eda podr\u00e1 redactar Certificaciones y Especificaciones para usted y realizar inspecciones gratuitas.<\/li><\/ul>\n<\/div>\n<\/div>\n\n\n\n<div class=\"wp-block-columns has-2-columns is-layout-flex wp-container-core-columns-is-layout-9d6595d7 wp-block-columns-is-layout-flex\">\n<div class=\"wp-block-column is-layout-flow wp-block-column-is-layout-flow\">\n<ul class=\"wp-block-list\"><li><strong>PRECIOS INCRE\u00cdBLES<\/strong> &#8211; Hemos elegido para ustedes  solo productos de primera calidad, ofreci\u00e9ndolos a precios extremadamente competitivos.<\/li><\/ul>\n<\/div>\n\n\n\n<div class=\"wp-block-column is-layout-flow wp-block-column-is-layout-flow\">\n<ul class=\"wp-block-list\"><li><strong>ENV\u00cdOS A TODAS PARTES<\/strong> &#8211; Nuestros productos siempre est\u00e1n disponibles en stock y por eso podemos ofrecer entregas inmediatas.<\/li><\/ul>\n<\/div>\n<\/div>\n\n\n\n<div class=\"wp-block-columns has-2-columns is-layout-flex wp-container-core-columns-is-layout-9d6595d7 wp-block-columns-is-layout-flex\">\n<div class=\"wp-block-column is-layout-flow wp-block-column-is-layout-flow\">\n<ul class=\"wp-block-list\"><li><strong>SOPORTE EN LA INSTALACION<\/strong><\/li><\/ul>\n<\/div>\n\n\n\n<div class=\"wp-block-column is-layout-flow wp-block-column-is-layout-flow\">\n<ul class=\"wp-block-list\"><li><strong>INNOVACI\u00d3N Y ACTUALIZACI\u00d3N CONSTANTES<\/strong> &#8211; Siempre te mantendremos informado sobre cursos de formaci\u00f3n y actualizaci\u00f3n de nuevos productos, sobre promociones y novedades comerciales.<\/li><\/ul>\n<\/div>\n<\/div>\n","protected":false},"excerpt":{"rendered":"<p>La empresa ERD Electronics SRL, constituida en el 2010 por dos socios, a pesar de ser una realidad joven y din\u00e1mica, surge en el mercado en el campo del dise\u00f1o, instalaci\u00f3n y el mantenimiento de sistemas de seguridad contra incendios, alarma antirrobo, CCTV y control de acceso, hace uso de las experiencias ya maduradas y [&hellip;]<\/p>\n","protected":false},"author":1,"featured_media":0,"parent":0,"menu_order":0,"comment_status":"closed","ping_status":"closed","template":"","meta":{"footnotes":""},"class_list":["post-327","page","type-page","status-publish","hentry"],"_links":{"self":[{"href":"https:\/\/www.erdelectronics.com\/es\/wp-json\/wp\/v2\/pages\/327","targetHints":{"allow":["GET"]}}],"collection":[{"href":"https:\/\/www.erdelectronics.com\/es\/wp-json\/wp\/v2\/pages"}],"about":[{"href":"https:\/\/www.erdelectronics.com\/es\/wp-json\/wp\/v2\/types\/page"}],"author":[{"embeddable":true,"href":"https:\/\/www.erdelectronics.com\/es\/wp-json\/wp\/v2\/users\/1"}],"replies":[{"embeddable":true,"href":"https:\/\/www.erdelectronics.com\/es\/wp-json\/wp\/v2\/comments?post=327"}],"version-history":[{"count":13,"href":"https:\/\/www.erdelectronics.com\/es\/wp-json\/wp\/v2\/pages\/327\/revisions"}],"predecessor-version":[{"id":481,"href":"https:\/\/www.erdelectronics.com\/es\/wp-json\/wp\/v2\/pages\/327\/revisions\/481"}],"wp:attachment":[{"href":"https:\/\/www.erdelectronics.com\/es\/wp-json\/wp\/v2\/media?parent=327"}],"curies":[{"name":"wp","href":"https:\/\/api.w.org\/{rel}","templated":true}]}}