{"id":572,"date":"2019-02-12T11:27:34","date_gmt":"2019-02-12T10:27:34","guid":{"rendered":"https:\/\/www.erdelectronics.com\/servicios\/"},"modified":"2019-05-21T16:04:05","modified_gmt":"2019-05-21T14:04:05","slug":"servicios","status":"publish","type":"page","link":"https:\/\/www.erdelectronics.com\/es\/servicios\/","title":{"rendered":"Servicios"},"content":{"rendered":"\n<div class=\"wp-block-columns has-2-columns is-layout-flex wp-container-core-columns-is-layout-9d6595d7 wp-block-columns-is-layout-flex\">\n<div class=\"wp-block-column is-layout-flow wp-block-column-is-layout-flow\">\n<h2 class=\"wp-block-heading\" id=\"mce_3\">Centro de recepci\u00f3n interactiva para eventos y fallas las 24 horas del d\u00eda <\/h2>\n\n\n\n<figure class=\"wp-block-image is-resized\"><img loading=\"lazy\" decoding=\"async\" src=\"https:\/\/www.erdelectronics.com\/wp-content\/uploads\/2019\/05\/chiedere-ricevere.jpg\" alt=\"El centro de eventos Dead\" width=\"126\" height=\"126\"\/><\/figure>\n\n\n\n<p>No m\u00e1s\npensamientos e inquietudes sobre el buen funcionamiento de su sistema.<\/p>\n\n\n\n<p>Olvida el\ncambio de bater\u00eda y las fallas del sistema, pensamos en todo nosotros.<\/p>\n\n\n\n<p><strong>ERD Electronics<\/strong> cuenta con un sistema tecnol\u00f3gicamente avanzado que consiste en un centro de recepci\u00f3n para eventos y fallas de cualquier tipo de sistema existentes para ofrecer nuestra intervenci\u00f3n con prontitud y asistencia las 24 horas del d\u00eda, los 7 d\u00edas de la semana. <\/p>\n\n\n\n<h2 class=\"wp-block-heading\"><strong>Mantenimiento<\/strong><\/h2>\n\n\n\n<figure class=\"wp-block-image is-resized\"><img loading=\"lazy\" decoding=\"async\" src=\"https:\/\/www.erdelectronics.com\/wp-content\/uploads\/2019\/05\/manutenzione2.png\" alt=\"\" width=\"143\" height=\"122\"\/><\/figure>\n\n\n\n<p> ERD Electronics ofrece a sus clientes la posibilidad de suscribir contratos de mantenimientos a medio\/largo plazo que permiten la verificaci\u00f3n peri\u00f3dica del competo funcionamiento de los diversos sistemas y la posible restauraci\u00f3n\/remplazo de las fallas consideradas defectuosas como resultado de esta verificaci\u00f3n. <\/p>\n\n\n\n<p>En tal modo se garantiza la continuidad del funcionamiento y la efectiva eficiencia de los productos instalados.<\/p>\n<\/div>\n\n\n\n<div class=\"wp-block-column is-layout-flow wp-block-column-is-layout-flow\">\n<h2 class=\"wp-block-heading\"><strong>Estudio interno de ingenier\u00eda con el t\u00e9cnico inscrito en el registro<\/strong><\/h2>\n\n\n\n<figure class=\"wp-block-image is-resized\"><img loading=\"lazy\" decoding=\"async\" src=\"https:\/\/www.erdelectronics.com\/wp-content\/uploads\/2019\/04\/ingegnere.png\" alt=\"\" class=\"wp-image-127\" width=\"196\" height=\"130\" srcset=\"https:\/\/www.erdelectronics.com\/wp-content\/uploads\/2019\/04\/ingegnere.png 391w, https:\/\/www.erdelectronics.com\/wp-content\/uploads\/2019\/04\/ingegnere-300x199.png 300w\" sizes=\"auto, (max-width: 196px) 100vw, 196px\" \/><\/figure>\n\n\n\n<p><strong>ERD Electronics<\/strong> tiene un sal\u00f3n de ingeniera interno a la empresa y, gracias a la presencia de un ingeniero t\u00e9cnico inscrito en el registro, ofrece la posibilidad de elaborar incluso proyectos t\u00e9cnicos muy complejos. <strong>ERD Electronics<\/strong> cuenta con una firma de ingenier\u00eda interna y, gracias a la presencia de un ingeniero t\u00e9cnico inscrito en el registro, ofrece la posibilidad de elaborar proyectos t\u00e9cnicos tambi\u00e9n muy complejos.<\/p>\n\n\n\n<div style=\"height:102px\" aria-hidden=\"true\" class=\"wp-block-spacer\"><\/div>\n\n\n\n<h2 class=\"wp-block-heading\">Asistencia las 24 horas<\/h2>\n\n\n\n<figure class=\"wp-block-image is-resized\"><img loading=\"lazy\" decoding=\"async\" src=\"https:\/\/www.erdelectronics.com\/wp-content\/uploads\/2019\/05\/24h.png\" alt=\"\" width=\"121\" height=\"121\"\/><\/figure>\n\n\n\n<p><strong>ERD Electronics<\/strong> tiene disponible para sus clientes un servicio de emergencia y asistencia t\u00e9cnica completa las 24 horas del d\u00eda, los 7 d\u00edas de la semana<\/p>\n\n\n\n<p>Este servicio en particular est\u00e1 incluido en todos los contratos de mantenimiento y estipulados a medio\/largo plazo y garantiza al cliente final una eficiente funcionalidad del sistema.<\/p>\n<\/div>\n<\/div>\n\n\n\n<h2 class=\"wp-block-heading\"><strong>Alquiler de equipos<\/strong><\/h2>\n\n\n\n<figure class=\"wp-block-image\"><img decoding=\"async\" src=\"https:\/\/www.erdelectronics.com\/wp-content\/uploads\/2019\/05\/noleggio2.png\" alt=\"\"\/><\/figure>\n\n\n\n<p>La satisfacci\u00f3n de sus clientes siempre ha sido una prioridad b\u00e1sica de <strong>ERD Electronics<\/strong>. Por este motivo a partir de hoy la compa\u00f1\u00eda les ofrece una nueva forma de ayuda econ\u00f3mica para el pago de sus instalaciones especiales.<\/p>\n\n\n\n<p>Gracias al acuerdo renovado de nuestra compa\u00f1\u00eda con el grupo Grenke, de hecho <strong>ERD Electronics<\/strong> les propone un alquiler de su sistema.<\/p>\n\n\n\n<p>En ejemplo t\u00edpico de esta nueva\nforma de pago podr\u00e1 ser el siguiente:<\/p>\n\n\n\n<ul class=\"wp-block-list\"><li>Paquete comprado que incluye:<ul><li>Sistema completo en su totalidad<\/li><li> Contrato de asistencia t\u00e9cnica 24 horas y mantenimiento programado por a\u00f1o<\/li><li>Garant\u00eda total en todo el sistema (materiales y mano de obra por 5 a\u00f1os)<\/li><\/ul><\/li><\/ul>\n\n\n\n<p> En este caso, una posible propuesta podr\u00e1 ser un alquiler a largo plazo de 60 meses con rescato equivalente al \u00faltimo pago adeudado. <br><\/p>\n\n\n\n<p>\u00bfTodav\u00eda dudas? \u00bfDesea m\u00e1s informaci\u00f3n? <a href=\"https:\/\/www.erdelectronics.com\/solicitar-una-cotizacion\/?lang=es\">\u00a1Cont\u00e1ctenos!<\/a><br><\/p>\n","protected":false},"excerpt":{"rendered":"<p>Centro de recepci\u00f3n interactiva para eventos y fallas las 24 horas del d\u00eda No m\u00e1s pensamientos e inquietudes sobre el buen funcionamiento de su sistema. Olvida el cambio de bater\u00eda y las fallas del sistema, pensamos en todo nosotros. ERD Electronics cuenta con un sistema tecnol\u00f3gicamente avanzado que consiste en un centro de recepci\u00f3n para [&hellip;]<\/p>\n","protected":false},"author":1,"featured_media":0,"parent":0,"menu_order":0,"comment_status":"closed","ping_status":"closed","template":"","meta":{"footnotes":""},"class_list":["post-572","page","type-page","status-publish","hentry"],"_links":{"self":[{"href":"https:\/\/www.erdelectronics.com\/es\/wp-json\/wp\/v2\/pages\/572","targetHints":{"allow":["GET"]}}],"collection":[{"href":"https:\/\/www.erdelectronics.com\/es\/wp-json\/wp\/v2\/pages"}],"about":[{"href":"https:\/\/www.erdelectronics.com\/es\/wp-json\/wp\/v2\/types\/page"}],"author":[{"embeddable":true,"href":"https:\/\/www.erdelectronics.com\/es\/wp-json\/wp\/v2\/users\/1"}],"replies":[{"embeddable":true,"href":"https:\/\/www.erdelectronics.com\/es\/wp-json\/wp\/v2\/comments?post=572"}],"version-history":[{"count":3,"href":"https:\/\/www.erdelectronics.com\/es\/wp-json\/wp\/v2\/pages\/572\/revisions"}],"predecessor-version":[{"id":644,"href":"https:\/\/www.erdelectronics.com\/es\/wp-json\/wp\/v2\/pages\/572\/revisions\/644"}],"wp:attachment":[{"href":"https:\/\/www.erdelectronics.com\/es\/wp-json\/wp\/v2\/media?parent=572"}],"curies":[{"name":"wp","href":"https:\/\/api.w.org\/{rel}","templated":true}]}}