{"id":620,"date":"2019-02-05T17:31:18","date_gmt":"2019-02-05T16:31:18","guid":{"rendered":"https:\/\/www.erdelectronics.com\/nuestras-referencias\/"},"modified":"2021-03-12T10:21:41","modified_gmt":"2021-03-12T09:21:41","slug":"nuestras-referencias","status":"publish","type":"page","link":"https:\/\/www.erdelectronics.com\/es\/nuestras-referencias\/","title":{"rendered":"Nuestras Referencias"},"content":{"rendered":"\n<p>Para fines exclusivamente ejemplares y por razones de confidencialidad , podemos mencionar solo algunos de los clientes a los que ERD Electronics ha prestado sus servicios (dise\u00f1os, instalaci\u00f3n, mantenimiento)<\/p>\n\n\n\n<p>Principales trabajos realizados:<\/p>\n\n\n\n<div class=\"wp-block-columns has-2-columns is-layout-flex wp-container-core-columns-is-layout-9d6595d7 wp-block-columns-is-layout-flex\">\n<div class=\"wp-block-column is-layout-flow wp-block-column-is-layout-flow\">\n<ul class=\"wp-block-list\"><li><strong>L&#8217;Or\u00e9al<\/strong> <strong>LOGISTICA 93<\/strong><ul><li>Deposito L\u2019Or\u00e9al di Villanterio<\/li><\/ul><\/li><\/ul>\n\n\n\n<ul class=\"wp-block-list\"><li>           <strong>S.D.A. EXPRESS COURIER S.p.a.<\/strong>         <ul><li>Sede de Novara (NO)<\/li><li>Sede de Villorba (TV)<\/li><li>Nueva area industrial &#8211; Carpiano &#8211; Loc. Francolino (MI)<\/li><\/ul><\/li><\/ul>\n\n\n\n<ul class=\"wp-block-list\"><li>\n          <strong>ZALANDO S.p.a<\/strong>\n        <ul><li>Deposito di Stradella<\/li><\/ul><\/li><\/ul>\n\n\n\n<ul class=\"wp-block-list\"><li>\n          <strong>ISOLE BORROMEO<\/strong>\n        <ul><li>Rifacimento impianto rivelazione incendio via radio omologato \u2013 Isola Madre<\/li><\/ul><\/li><\/ul>\n\n\n\n<ul class=\"wp-block-list\"><li>\n          <strong>ISTITUTO ALBERGHIERO CARLO PORTA<\/strong>\n        <ul><li>Milano &#8211; MI<\/li><\/ul><\/li><\/ul>\n\n\n\n<ul class=\"wp-block-list\"><li><strong>\u201cIL MULINO\u201c<\/strong> &#8211; Centro Commerciale<ul><li>Melzo &#8211; MI<\/li><\/ul><\/li><\/ul>\n\n\n\n<ul class=\"wp-block-list\"><li>\n          <strong>AERONAUTICA MILITARE<\/strong>\n        <ul><li>Treviso &#8211; TV (Opere eseguite per conto C.E.I)<\/li><\/ul><\/li><\/ul>\n\n\n\n<ul class=\"wp-block-list\"><li> <strong>TANGRAM srl<\/strong> &#8211; Centro Direzionale<ul><li>Uffici di Melzo &#8211; MI<\/li><\/ul><\/li><\/ul>\n\n\n\n<ul class=\"wp-block-list\"><li>\n          <strong>C.E.I. Spa<\/strong>\n        <ul><li>Milano &#8211; MI<\/li><\/ul><\/li><\/ul>\n\n\n\n<ul class=\"wp-block-list\"><li>\n          <strong>STANDA spa &#8211; ( Gruppo Fininvest )<\/strong>\n        <ul><li>Strada 4 &#8211; Palazzo Q1<\/li><li>Milanfiori<\/li><li>Rozzano &#8211; MI<\/li><\/ul><\/li><\/ul>\n\n\n\n<ul class=\"wp-block-list\"><li><strong>STANDA spa<\/strong> &#8211; ( Nuova Sede )<ul><li>Via Sforza , 9<\/li><li>Palazzo Galeno<\/li><li>Milano 3 City<\/li><li>Basiglio &#8211; MI<\/li><\/ul><\/li><\/ul>\n\n\n\n<ul class=\"wp-block-list\"><li>\n          <strong>C.E.D.I &#8211; STANDA<\/strong>\n        <ul><li>Cusago &#8211; MI<\/li><\/ul><\/li><\/ul>\n\n\n\n<ul class=\"wp-block-list\"><li> <strong> STANDA Spa<\/strong> &#8211; Filiali di :<ul><li>Lombardia<\/li><li>Piemonte<\/li><li>Valle d\u2019 Aosta<\/li><li>Liguria<\/li><li>Sicilia &#8211; Caltanissetta<\/li><\/ul><\/li><\/ul>\n\n\n\n<ul class=\"wp-block-list\"><li>\n          <strong>CARBOTERMO Sas<\/strong>\n        <ul><li>Milano &#8211; MI<\/li><\/ul><\/li><\/ul>\n\n\n\n<ul class=\"wp-block-list\"><li>\n          <strong>TECNOSAFE Spa (Societ\u00e0 del Gruppo Olivetti)<\/strong>\n        <ul><li>Milano &#8211; MI<\/li><\/ul><\/li><\/ul>\n\n\n\n<ul class=\"wp-block-list\"><li>\n          <strong>CRIPPA &amp; BERGHER<\/strong>\n        <ul><li>FONTI LEVISSIMA Spa<\/li><li>RECOARO<\/li><li>CAFFE\u2019 HAG<\/li><li>BISCOTTI VICENZI<\/li><li>Milano &#8211; MI<\/li><\/ul><\/li><\/ul>\n\n\n\n<ul class=\"wp-block-list\"><li>\n          <strong>AMMINISTRAZIONE ISOLE BORROMEO Srl<\/strong>\n        <ul><li>Milano &#8211; MI<\/li><li>Isola Bella &#8211; Stresa<\/li><li>Isola Madre &#8211; Stresa<\/li><li>Castello di Angera &#8211; Angera<\/li><li>Corso Monforte &#8211; Milano<\/li><li>Via Borromei &#8211; Milano<\/li><li>Portofino &#8211; Genova<\/li><\/ul><\/li><\/ul>\n\n\n\n<ul class=\"wp-block-list\"><li>\n          <strong>SODIMEC Srl<\/strong>\n        <ul><li>GRUPPO SODIBELCO -Strada Provinciale, 33 Calvignasco &#8211; MI<\/li><\/ul><\/li><\/ul>\n\n\n\n<ul class=\"wp-block-list\"><li>\n          <strong>LOGISTICA 93<\/strong>\n        <ul><li>NUOVA SEDE L&#8217;OREAL &#8211; Via del Commercio, 4 &#8211; Calvignasco &#8211; MI<\/li><\/ul><\/li><\/ul>\n\n\n\n<ul class=\"wp-block-list\"><li>\n          <strong>AUSMAN S.r.l.<\/strong>\n        <ul><li>Via C. Cocquio, 9 &#8211; Varese<\/li><\/ul><\/li><\/ul>\n\n\n\n<ul class=\"wp-block-list\"><li>\n          <strong>CORRETTA F.lli &#8211; AUTOTRASPORTI<\/strong>\n        <ul><li>Via per Cantalupo, 31 &#8211; Origgio \u2013 VA<\/li><\/ul><\/li><\/ul>\n\n\n\n<ul class=\"wp-block-list\"><li>\n          <strong>COMUNE di BUCCINASCO<\/strong>\n        <ul><li>Scuola Elementare 1\u00b0 Maggio &#8211; Buccinasco &#8211; MI<\/li><\/ul><\/li><\/ul>\n\n\n\n<ul class=\"wp-block-list\"><li>\n          <strong>FERROVIE DELLO STATO S.p.a.<\/strong>\n        <ul><li>Piazza Duca d\u2019Aosta, 1 \u2013 Milano &#8211; MI<\/li><\/ul><\/li><\/ul>\n\n\n\n<ul class=\"wp-block-list\"><li>\n          <strong>ELETTROIMPIANTI B.R.M<\/strong>\n        <ul><li>Via Tombetti, 75 Vigevano \u2013 PV<\/li><\/ul><\/li><\/ul>\n\n\n\n<ul class=\"wp-block-list\"><li>\n          <strong>ISTITUTO AUXOLOGICO ITALIANO<\/strong>\n        <ul><li>Via L. Ariosto, 13 &#8211; Milano &#8211; MI<\/li><li>Immobile di Via Bagnasco &#8211; Milano<\/li><li>Immobile di Via Pelizza da Volpedo &#8211; Milano<\/li><li>Ospedale S. Giuseppe &#8211; Piancavallo &#8211; Verbania<\/li><li>Ospedale S. Luca &#8211; Milano<\/li><li>Nuovo Ospedale San Luca &#8211; Milano<\/li><li>Immobile di Via Ariosto &#8211; Milano<\/li><li>Nuova Sede Uffici e Laboratori &#8211; Cusano Milanino<\/li><li>Centro prelievi e Laboratori di Meda &#8211; MI<\/li><\/ul><\/li><\/ul>\n\n\n\n<ul class=\"wp-block-list\"><li><strong>CASA DI CURA E POLIAMBULATORIO SAN CAMILLO<\/strong> &#8211; Via Mauro Macchi, 5 &#8211; Milano<\/li><\/ul>\n\n\n\n<ul class=\"wp-block-list\"><li>\n          <strong>CASA DI CURA \u201c S. PIO X \u201c CAMILLIANI<\/strong>\n        <ul><li>Via F. Nava ,31 &#8211; Milano \u2013 MI <\/li><\/ul><\/li><\/ul>\n\n\n\n<ul class=\"wp-block-list\"><li><strong>CASA DI RIPOSO \u201c O. CERRUTI \u201c<\/strong> &#8211; Via O. Cerruti, Capriate S. Gervasio \u2013 BG<\/li><\/ul>\n\n\n\n<ul class=\"wp-block-list\"><li>\n          <strong>ISTITUTO ENRICO ANDREOLI<\/strong>\n        <ul><li>Casa di Riposo per Anziani 29011 &#8211; Borgonovo &#8211; Val Tidone \u2013 PC<\/li><\/ul><\/li><\/ul>\n\n\n\n<ul class=\"wp-block-list\"><li><strong>PROVINCIA LOMBARDO VENETA<\/strong> <ul><li>Archivio di Via OldofrediMilano &#8211; MI<\/li><\/ul><\/li><\/ul>\n\n\n\n<ul class=\"wp-block-list\"><li>\n          <strong>CENTRO RESIDENZIALE VILLAGGIO ROVIDO<\/strong>\n        <ul><li>Circa 400 unit\u00e0 abitative &#8211; Buccinasco \u2013 MI<\/li><li>Realizzazione e Centralizzazione dei seguenti impianti:<ul><li>Impianti di sicurezza<\/li><li>Impianto televisivo terrestre e satellitare<\/li><li>Impianto video citofonico e citofonico<\/li><li>Impianto TVCC<\/li><\/ul><\/li><\/ul><\/li><\/ul>\n\n\n\n<ul class=\"wp-block-list\"><li>\n          <strong>VOGLIA DI CASA S.r.l.<\/strong>\n        <ul><li>Punti Vendita di :<ul><li>Via Vittorio Emanuele &#8211; Milano<\/li><li>Corso Vercelli &#8211; Milano<\/li><li>Corso Garibaldi &#8211; Milano<\/li><li>Corso San Gottardo &#8211; Milano<\/li><li>Corso Buenos Aires &#8211; Milano<\/li><li>Piazza Napoli &#8211; Milano<\/li><li>Centro Comm.le Bonola &#8211; Milano<\/li><li>Via Imbonati &#8211; Milano<\/li><li>Via P. F. Mola &#8211; Milano<\/li><li>Via Canonica \u2013 Milano<\/li><\/ul><\/li><\/ul><\/li><\/ul>\n\n\n\n<ul class=\"wp-block-list\"><li><strong>COOP EDILIZIA ABITATIVA ROSELLA S.r.l.<\/strong> &#8211; Arluno<ul><li>Realizzazione e Centralizzazione degli impianti elettrici e speciali n\u00b0 26 appartamenti<\/li><\/ul><\/li><\/ul>\n\n\n\n<ul class=\"wp-block-list\"><li><strong>COOP EDILIZIA ABITATIVA ROSELLA S.r.l.<\/strong>&#8211; San Colombano al Lambro<ul><li>Realizzazione e Centralizzazione degli impianti elettrici e speciali n\u00b0 30 appartamenti<\/li><\/ul><\/li><\/ul>\n\n\n\n<ul class=\"wp-block-list\"><li><strong>COOP EDILIZIA GIACOMO RAINOLDI<\/strong>&#8211; Albairate<ul><li>Realizzazione e Centralizzazione degli impianti elettrici e speciali n\u00b0 38 appartamenti<\/li><\/ul><\/li><\/ul>\n\n\n\n<ul class=\"wp-block-list\"><li><strong>KAPPADORO CRAI S.r.l.<\/strong> Trucazzano &#8211; MI<ul><li>Punti Vendita di :<ul><li>Melzo &#8211; MI<\/li><li>Pantigliate &#8211; MI<\/li><li>Gessate &#8211; MI<\/li><li>Paullo &#8211; MI<\/li><li>Lodi &#8211; MI<\/li><li>Carnate &#8211; MI<\/li><\/ul><\/li><\/ul><\/li><\/ul>\n<\/div>\n\n\n\n<div class=\"wp-block-column is-layout-flow wp-block-column-is-layout-flow\">\n<ul class=\"wp-block-list\"><li>\n          <strong>GLS Excecutive<\/strong>\n        <ul><li>Deposito di Sesto ed Uniti<\/li><li>Deposito di Piacenza<\/li><\/ul><\/li><\/ul>\n\n\n\n<ul class=\"wp-block-list\"><li>\n          <strong>DHL Express<\/strong>\n        <ul><li>Deposito di Castenedolo<\/li><\/ul><\/li><\/ul>\n\n\n\n<ul class=\"wp-block-list\"><li>\n          <strong>BOMI GROUP S.p.a<\/strong>\n        <ul><li>Deposito Spino d&#8217;Adda<\/li><\/ul><\/li><\/ul>\n\n\n\n<ul class=\"wp-block-list\"><li>\n          <strong>XPO LOGISTICS<\/strong>\n        <ul><li>Deposito di Siziano<\/li><\/ul><\/li><\/ul>\n\n\n\n<ul class=\"wp-block-list\"><li>\n          <strong>FERLITO PHARMA<\/strong>\n        <ul><li>Deposito di Siziano<\/li><\/ul><\/li><\/ul>\n\n\n\n<ul class=\"wp-block-list\"><li>\n          <strong>STARBUCKS<\/strong>\n        <ul><li>Deposito di Siziano<\/li><\/ul><\/li><\/ul>\n\n\n\n<ul class=\"wp-block-list\"><li>\n          <strong>OVERLAND<\/strong>\n        <ul><li>Deposito di Siziano<\/li><\/ul><\/li><\/ul>\n\n\n\n<ul class=\"wp-block-list\"><li>\n          <strong>GRUPPO MONTEDISON INIZIATIVA EDILIZIA<\/strong>\n        <ul><li> Milano<\/li><li>Edificio Uso Archivio &#8211; Corsico &#8211; MI <\/li><\/ul><\/li><\/ul>\n\n\n\n<ul class=\"wp-block-list\"><li>\n          <strong>RADIO SUPER STAR INTERNATIONAL<\/strong>\n        <ul><li>Milano \u2013 MI<\/li><\/ul><\/li><\/ul>\n\n\n\n<ul class=\"wp-block-list\"><li>\n          <strong>WORMALD ITALIA Spa<\/strong>\n        <ul><li>Milano &#8211; MI &#8211; Metropolitana Linea 3 &#8211; Stazione di V.le Zara<\/li><\/ul><\/li><\/ul>\n\n\n\n<ul class=\"wp-block-list\"><li>\n          <strong>N. BENASEDO Spa<\/strong>\n        <ul><li>Via Asiago, 332 &#8211; Caronno Pertusella \u2013 VA<\/li><\/ul><\/li><\/ul>\n\n\n\n<ul class=\"wp-block-list\"><li>\n          <strong>GALBANI Spa<\/strong>\n        <ul><li>Via dei Caduti, 17 &#8211; Corteolona \u2013 PV<\/li><li>Deposito di S. Cristina \u2013 PV<\/li><li>Centrale Termica \u2013 Corteolona \u2013 PV<\/li><li>Nuovo Centro Ricerca \u2013 Corteolona \u2013 PV<\/li><\/ul><\/li><\/ul>\n\n\n\n<ul class=\"wp-block-list\"><li>\n          <strong>JIL SANDER Spa ( Gruppo PRADA )<\/strong>\n        <ul><li>Nuova Show Room &#8211; Piazza Castello, 1 &#8211; Milano &#8211; MI<\/li><\/ul><\/li><\/ul>\n\n\n\n<ul class=\"wp-block-list\"><li>\n          <strong>BANCA POPOLARE DI ABBIATEGRASSO<\/strong>\n        <ul><li>Via Totti, 13\/15 &#8211; Abiategrasso \u2013 MI<\/li><\/ul><\/li><\/ul>\n\n\n\n<ul class=\"wp-block-list\"><li>\n          <strong>BANCA DI CREDITO COOP. \u201cS. GIUSEPPE\u201d<\/strong>\n        <ul><li>Piazzale Concordato, 7 &#8211; Mussomeli \u2013 CL<\/li><\/ul><\/li><\/ul>\n\n\n\n<ul class=\"wp-block-list\"><li>\n          <strong>THE BANK OF NEW YORK<\/strong>\n        <ul><li>Piazzale Cadorna, 4 &#8211; Milano &#8211; MI<\/li><\/ul><\/li><\/ul>\n\n\n\n<ul class=\"wp-block-list\"><li>\n          <strong>AXA ASSICURAZIONI S.p.a.<\/strong>\n        <ul><li>Immobile di Via Algardi, 4 &#8211; Milano &#8211; MI<\/li><\/ul><\/li><\/ul>\n\n\n\n<ul class=\"wp-block-list\"><li>\n          <strong>LURASCHI coord. TECNICI<\/strong>\n        <ul><li>p.zza Conciliazione, 3 &#8211; Milano &#8211; MI<\/li><\/ul><\/li><\/ul>\n\n\n\n<ul class=\"wp-block-list\"><li>\n          <strong>BELCOGELO srl<\/strong>\n        <ul><li>Centro Distribuzioni &#8211; Cusago &#8211; MI<\/li><\/ul><\/li><\/ul>\n\n\n\n<ul class=\"wp-block-list\"><li>\n          <strong>GRUPPO TECNOLOGISTICA<\/strong>\n        <ul><li>Po &#8211; Lo Sei S.r.l. &#8211; Melzo &#8211; MI<\/li><\/ul><\/li><\/ul>\n\n\n\n<ul class=\"wp-block-list\"><li>\n          <strong>SIGMA CONTROL S.r.l.<\/strong>\n        <ul><li>Via S. M. Molgora, 60 &#8211; Vimercate &#8211; MI<\/li><\/ul><\/li><\/ul>\n\n\n\n<ul class=\"wp-block-list\"><li>\n          <strong>NUOVA FINANZIARIA MODERNA<\/strong>\n        <ul><li>Il Giardino dell\u2019Ippodromo &#8211; Milano &#8211; MI<\/li><\/ul><\/li><\/ul>\n\n\n\n<ul class=\"wp-block-list\"><li>\n          <strong>IN HOUSE S.r.l.<\/strong>\n        <ul><li>Orione, 42 &#8211; Milano 3 &#8211; Basiglio &#8211; MI<\/li><\/ul><\/li><\/ul>\n\n\n\n<ul class=\"wp-block-list\"><li>\n          <strong>SCUOLA ARTI E MESTIERI<\/strong>\n        <ul><li>Via S. Marta, 18 &#8211; Milano &#8211; MI<\/li><\/ul><\/li><\/ul>\n\n\n\n<ul class=\"wp-block-list\"><li>\n          <strong>MERLONI ELETTRODOMESTICI S.p.a.<\/strong>\n        <ul><li>Stabilimento di:<ul><li>Melano Marischio<\/li><li>Fabriano \u2013 AN<\/li><\/ul><\/li><\/ul><\/li><\/ul>\n\n\n\n<ul class=\"wp-block-list\"><li>\n          <strong>KUEHNE + NAGEL S.p.a.<\/strong>\n        <ul><li>Calvignasco \u2013 MI<\/li><li>Sede di Calvignasco &#8211; MI<\/li><li>Deposito di Cusago &#8211; MI<\/li><li>Deposito di Cornaredo &#8211; MI<\/li><li>Deposito di Rho &#8211; MI<\/li><li>Deposito di Casorate Primo<\/li><li>Deposito di Brignano Gera d&#8217;Adda<\/li><li>Deposito di Santa Cristina e Bissone<\/li><li>Deposito di Chignolo Po<\/li><li>Deposito di Siziano<\/li><li>Deposito di Termoli<\/li><li>Deposito di Verona<\/li><li>Deposito di Lonate Pozzolo<\/li><\/ul><\/li><\/ul>\n\n\n\n<ul class=\"wp-block-list\"><li>\n          <strong>NETESI \u2013 Network in sintesi<\/strong>\n        <ul><li>Via dei Valtorta, 52 &#8211; Milano &#8211; MI<\/li><\/ul><\/li><\/ul>\n\n\n\n<ul class=\"wp-block-list\"><li><strong>SUPER DI&#8217; <\/strong>&#8211; Catena Distribuzione Alimentare<ul><li>Punti Vendita di :<ul><li>Cologno Monzese &#8211; MI<\/li><li>Trezzano Sul Naviglio &#8211; MI<\/li><li>Pavia &#8211; PV<\/li><li>S. Martino Siccomario &#8211; PV<\/li><\/ul><\/li><\/ul><\/li><\/ul>\n\n\n\n<ul class=\"wp-block-list\"><li><strong>MARKET FORTINO S.r.l.<\/strong> &#8211; Acqui Terme &#8211; AL<ul><li>Punti Vendita di :<ul><li>Paderno Dugnano &#8211; MI<\/li><li>Intra &#8211; VB<\/li><li>Olginate &#8211; LC<\/li><li>Monticello Brianza &#8211; MI<\/li><li>Torino &#8211; TO<\/li><li>Cuneo &#8211; CN<\/li><li>Villa Carcina &#8211; BS<\/li><\/ul><\/li><\/ul><\/li><\/ul>\n\n\n\n<ul class=\"wp-block-list\"><li><strong>PRACCHI DISCOUNT S.r.l.<\/strong> Via Simone d\u2019Orsenigo, 9 -Milano<ul><li>Punti Vendita di :<ul><li>Abbiategrasso \u2013 Via T. Grossi<\/li><li>Lacchiarella \u2013 Via F.lli Cervi<\/li><\/ul><\/li><\/ul><\/li><\/ul>\n\n\n\n<ul class=\"wp-block-list\"><li>\n          <strong>VISCONTEA &#8211; COFACE<\/strong>\n        <ul><li>Nuova Sede Palazzo Uffici &#8211; Via Spadolini &#8211; Milano<\/li><\/ul><\/li><\/ul>\n\n\n\n<ul class=\"wp-block-list\"><li><strong>IMMOBILIARE CAMERI S.r.l.<\/strong> Piazza della Repubblica,8<ul><li>Nuovo Deposito CARREFOUR &#8211; Cameri \u2013 NO<\/li><\/ul><\/li><\/ul>\n\n\n\n<ul class=\"wp-block-list\"><li>\n          <strong>GANDINI TESSUTI ALTA MODA<\/strong>\n        <ul><li>Via Ges\u00f9, 21 &#8211; Milano<\/li><\/ul><\/li><\/ul>\n\n\n\n<ul class=\"wp-block-list\"><li>\n          <strong>AKNO INDUSTRI BUSINESS PARK S.p.a.<\/strong>\n        <ul><li>Nuova zona Industriale &#8211; Carpiano &#8211; Loc. Francolino (MI)<\/li><\/ul><\/li><\/ul>\n\n\n\n<ul class=\"wp-block-list\"><li><strong>IKEA<\/strong> &#8211; Strada Provinciale 208, 3 &#8211; Carugate \u2013 Milano<ul><li>Nuovo Deposito di Genova<\/li><\/ul><\/li><\/ul>\n\n\n\n<ul class=\"wp-block-list\"><li><strong>SO.GE.PAR S.p.a<\/strong> &#8211; Via Santa Sofia, 27 &#8211; Milano<\/li><\/ul>\n\n\n\n<ul class=\"wp-block-list\"><li><strong>OUTOKUMPU<\/strong> &#8211; Via Agnello, 8 &#8211; Milano<ul><li>Sede di Castelleone \u2013 CR<\/li><\/ul><\/li><\/ul>\n\n\n\n<ul class=\"wp-block-list\"><li>\n          <strong>COOP EDILIZIA L&#8217;ORIZZONTE S.r.l.<\/strong>\n        <ul><li>Realizzazione e Centralizzazione degli impianti elettrici e speciali Lotto 4 n\u00b0 10 ville \u2013 Lotto 6 n\u00b0 12 ville<\/li><\/ul><\/li><\/ul>\n\n\n\n<ul class=\"wp-block-list\"><li>\n          <strong>LUCCHESI S.p.a.<\/strong>\n        <ul><li>Minerbio \u2013 BO<\/li><\/ul><\/li><\/ul>\n\n\n\n<p><\/p>\n<\/div>\n<\/div>\n","protected":false},"excerpt":{"rendered":"<p>Para fines exclusivamente ejemplares y por razones de confidencialidad , podemos mencionar solo algunos de los clientes a los que ERD Electronics ha prestado sus servicios (dise\u00f1os, instalaci\u00f3n, mantenimiento) Principales trabajos realizados: L&#8217;Or\u00e9al LOGISTICA 93 Deposito L\u2019Or\u00e9al di Villanterio S.D.A. EXPRESS COURIER S.p.a. Sede de Novara (NO) Sede de Villorba (TV) Nueva area industrial &#8211; [&hellip;]<\/p>\n","protected":false},"author":1,"featured_media":0,"parent":0,"menu_order":0,"comment_status":"closed","ping_status":"closed","template":"","meta":{"footnotes":""},"class_list":["post-620","page","type-page","status-publish","hentry"],"_links":{"self":[{"href":"https:\/\/www.erdelectronics.com\/es\/wp-json\/wp\/v2\/pages\/620","targetHints":{"allow":["GET"]}}],"collection":[{"href":"https:\/\/www.erdelectronics.com\/es\/wp-json\/wp\/v2\/pages"}],"about":[{"href":"https:\/\/www.erdelectronics.com\/es\/wp-json\/wp\/v2\/types\/page"}],"author":[{"embeddable":true,"href":"https:\/\/www.erdelectronics.com\/es\/wp-json\/wp\/v2\/users\/1"}],"replies":[{"embeddable":true,"href":"https:\/\/www.erdelectronics.com\/es\/wp-json\/wp\/v2\/comments?post=620"}],"version-history":[{"count":11,"href":"https:\/\/www.erdelectronics.com\/es\/wp-json\/wp\/v2\/pages\/620\/revisions"}],"predecessor-version":[{"id":4415,"href":"https:\/\/www.erdelectronics.com\/es\/wp-json\/wp\/v2\/pages\/620\/revisions\/4415"}],"wp:attachment":[{"href":"https:\/\/www.erdelectronics.com\/es\/wp-json\/wp\/v2\/media?parent=620"}],"curies":[{"name":"wp","href":"https:\/\/api.w.org\/{rel}","templated":true}]}}