{"id":627,"date":"2019-04-04T10:14:03","date_gmt":"2019-04-04T08:14:03","guid":{"rendered":"https:\/\/www.erdelectronics.com\/contatti\/"},"modified":"2020-05-07T15:33:09","modified_gmt":"2020-05-07T13:33:09","slug":"contactos","status":"publish","type":"page","link":"https:\/\/www.erdelectronics.com\/es\/contactos\/","title":{"rendered":"Contactos"},"content":{"rendered":"\n<div class=\"wp-block-columns has-2-columns is-layout-flex wp-container-core-columns-is-layout-9d6595d7 wp-block-columns-is-layout-flex\">\n<div class=\"wp-block-column is-layout-flow wp-block-column-is-layout-flow\">\n<h2><p>Calle Niccol\u00f2 Copernico 4\/6<br>20010 &#8211; CORNAREDO (MI)<br>ITALY<br><br>Tel: 02.93563475<br>Fax: 02.93567062<\/p><\/h2>\n\n\n\n<h2><p>Para informaci\u00f3n:<br><a href=\"https:\/\/www.erdelectronics.com\/solicitar-una-cotizacion\/?lang=es\">Cont\u00e1ctenos<\/a><br><\/p><\/h2>\n\n\n\n<h2><p><strong>Horario de apertura:<br><br>\nLunes &#8211; Viernes:<br>\n8:00 &#8211; 12:30<br>\n14:00 &#8211; 17:00<\/strong><\/p><\/h2>\n\n\n\n<h2><p><strong>S\u00e1bado y Domingo: Cerrado<\/strong><\/p><\/h2>\n<\/div>\n\n\n\n<div class=\"wp-block-column is-layout-flow wp-block-column-is-layout-flow\">\n<figure><iframe loading=\"lazy\" src=\"https:\/\/www.google.com\/maps\/embed?pb=!1m14!1m8!1m3!1d5594.198408860309!2d9.032353!3d45.487947!3m2!1i1024!2i768!4f13.1!3m3!1m2!1s0x0%3A0x2b380f5a5bdfcd62!2sERD+Electronics+Srl!5e0!3m2!1sit!2sit!4v1549441214320\" width=\"800\" height=\"600\" frameborder=\"0\" style=\"border:0\" allowfullscreen=\"\"><\/iframe><\/figure>\n<\/div>\n<\/div>\n","protected":false},"excerpt":{"rendered":"<p>Calle Niccol\u00f2 Copernico 4\/620010 &#8211; CORNAREDO (MI)ITALY Tel: 02.93563475Fax: 02.93567062 Para informaci\u00f3n:Cont\u00e1ctenos Horario de apertura: Lunes &#8211; Viernes: 8:00 &#8211; 12:30 14:00 &#8211; 17:00 S\u00e1bado y Domingo: Cerrado<\/p>\n","protected":false},"author":1,"featured_media":0,"parent":0,"menu_order":0,"comment_status":"closed","ping_status":"closed","template":"","meta":{"footnotes":""},"class_list":["post-627","page","type-page","status-publish","hentry"],"_links":{"self":[{"href":"https:\/\/www.erdelectronics.com\/es\/wp-json\/wp\/v2\/pages\/627","targetHints":{"allow":["GET"]}}],"collection":[{"href":"https:\/\/www.erdelectronics.com\/es\/wp-json\/wp\/v2\/pages"}],"about":[{"href":"https:\/\/www.erdelectronics.com\/es\/wp-json\/wp\/v2\/types\/page"}],"author":[{"embeddable":true,"href":"https:\/\/www.erdelectronics.com\/es\/wp-json\/wp\/v2\/users\/1"}],"replies":[{"embeddable":true,"href":"https:\/\/www.erdelectronics.com\/es\/wp-json\/wp\/v2\/comments?post=627"}],"version-history":[{"count":6,"href":"https:\/\/www.erdelectronics.com\/es\/wp-json\/wp\/v2\/pages\/627\/revisions"}],"predecessor-version":[{"id":640,"href":"https:\/\/www.erdelectronics.com\/es\/wp-json\/wp\/v2\/pages\/627\/revisions\/640"}],"wp:attachment":[{"href":"https:\/\/www.erdelectronics.com\/es\/wp-json\/wp\/v2\/media?parent=627"}],"curies":[{"name":"wp","href":"https:\/\/api.w.org\/{rel}","templated":true}]}}